{"id":2173,"date":"2019-01-16T13:23:01","date_gmt":"2019-01-16T12:23:01","guid":{"rendered":"https:\/\/viva-tec.com\/viva-tec-2\/?page_id=2173"},"modified":"2019-02-11T13:53:12","modified_gmt":"2019-02-11T12:53:12","slug":"vivatec","status":"publish","type":"page","link":"https:\/\/viva-tec.com\/fr\/","title":{"rendered":"VIVATEC"},"content":{"rendered":"<div  class=\"lgc-column lgc-grid-parent lgc-grid-20 lgc-tablet-grid-33 lgc-mobile-grid-50 lgc-equal-heights \"><div  class=\"inside-grid-column\">\n<div class=\"img\" style=\"text-align: center;\"><img loading=\"lazy\" decoding=\"async\" class=\"aligncenter\" src=\"https:\/\/viva-tec.com\/wp-content\/uploads\/sites\/11\/Made_in_Germany.png\" alt=\"\" width=\"150\" height=\"59\" \/><\/div>\n<p><\/p><\/div><\/div>\n<div  class=\"lgc-column lgc-grid-parent lgc-grid-20 lgc-tablet-grid-33 lgc-mobile-grid-50 lgc-equal-heights \"><div  class=\"inside-grid-column\">\n<div class=\"img\" style=\"text-align: center;\"><img loading=\"lazy\" decoding=\"async\" class=\"alignnone wp-image-2428\" src=\"https:\/\/viva-tec.com\/wp-content\/uploads\/sites\/11\/VT-bauma_banner.jpg\" alt=\"\" width=\"130\" height=\"97\" srcset=\"https:\/\/viva-tec.com\/fr\/wp-content\/uploads\/sites\/11\/VT-bauma_banner.jpg 800w, https:\/\/viva-tec.com\/fr\/wp-content\/uploads\/sites\/11\/VT-bauma_banner-300x224.jpg 300w, https:\/\/viva-tec.com\/fr\/wp-content\/uploads\/sites\/11\/VT-bauma_banner-768x573.jpg 768w\" sizes=\"auto, (max-width: 130px) 100vw, 130px\" \/><\/div>\n<p><\/p><\/div><\/div>\n<div  class=\"lgc-column lgc-grid-parent lgc-grid-20 lgc-tablet-grid-33 lgc-mobile-grid-50 lgc-equal-heights \"><div  class=\"inside-grid-column\">\n<div class=\"img\" style=\"text-align: center;\"><img loading=\"lazy\" decoding=\"async\" class=\"aligncenter\" src=\"https:\/\/viva-tec.com\/wp-content\/uploads\/sites\/11\/BMWi_Web_2x_de_WBZ.gif\" alt=\"\" width=\"121\" height=\"100\" \/><\/div>\n<p><\/p><\/div><\/div>\n<div  class=\"lgc-column lgc-grid-parent lgc-grid-20 lgc-tablet-grid-33 lgc-mobile-grid-50 lgc-equal-heights \"><div  class=\"inside-grid-column\">\n<div class=\"img\" style=\"text-align: center;\"><img loading=\"lazy\" decoding=\"async\" class=\"aligncenter\" src=\"https:\/\/viva-tec.com\/wp-content\/uploads\/sites\/11\/zim-logo-screen.jpg\" alt=\"\" width=\"100\" height=\"85\" \/><\/div>\n<p><\/p><\/div><\/div>\n<div  class=\"lgc-column lgc-grid-parent lgc-grid-20 lgc-tablet-grid-33 lgc-mobile-grid-50 lgc-equal-heights \"><div  class=\"inside-grid-column\">\n<div class=\"img\" style=\"text-align: center;\"><img loading=\"lazy\" decoding=\"async\" class=\"aligncenter\" src=\"https:\/\/viva-tec.com\/wp-content\/uploads\/sites\/11\/SIHK-Ausbildungssignet-Vivatec.png\" alt=\"\" width=\"100\" height=\"87\" \/><\/div>\n<p><\/p><\/div><\/div><div class=\"lgc-clear\"><\/div>\n<style>.wp-show-posts-columns#wpsp-1701 {margin-left: -2em; }.wp-show-posts-columns#wpsp-1701 .wp-show-posts-inner {margin: 0 0 2em 2em; }<\/style><section id=\"wpsp-1701\" class=\" wp-show-posts-columns wp-show-posts\" style=\"\"><article class=\" wp-show-posts-single post-3028 post type-post status-publish format-standard has-post-thumbnail hentry category-front-2 category-news wpsp-col-6\" itemtype=\"http:\/\/schema.org\/CreativeWork\" itemscope><div class=\"wp-show-posts-inner\" style=\"\">\t\t<div class=\"wp-show-posts-image  wpsp-image-center \">\n\t\t\t<a href=\"https:\/\/viva-tec.com\/fr\/blog\/unser-neuer-katalog-zum-download\/\"  title=\"Unser neuer Katalog zum Download\"><img loading=\"lazy\" decoding=\"async\" width=\"1200\" height=\"654\" src=\"https:\/\/viva-tec.com\/fr\/wp-content\/uploads\/sites\/11\/Team-Viva-e1555445253557.jpg\" class=\"attachment-full size-full wp-post-image\" alt=\"\" itemprop=\"image\" srcset=\"https:\/\/viva-tec.com\/fr\/wp-content\/uploads\/sites\/11\/Team-Viva-e1555445253557.jpg 1200w, https:\/\/viva-tec.com\/fr\/wp-content\/uploads\/sites\/11\/Team-Viva-e1555445253557-300x164.jpg 300w, https:\/\/viva-tec.com\/fr\/wp-content\/uploads\/sites\/11\/Team-Viva-e1555445253557-768x419.jpg 768w, https:\/\/viva-tec.com\/fr\/wp-content\/uploads\/sites\/11\/Team-Viva-e1555445253557-1024x558.jpg 1024w\" sizes=\"auto, (max-width: 1200px) 100vw, 1200px\" \/><\/a>\t\t<\/div>\n\t\t\t\t\t\t\t\t<header class=\"wp-show-posts-entry-header\">\n\t\t\t\t\t\t\t<h2 class=\"wp-show-posts-entry-title\" itemprop=\"headline\"><a href=\"https:\/\/viva-tec.com\/fr\/blog\/unser-neuer-katalog-zum-download\/\" rel=\"bookmark\">Unser neuer Katalog zum Download<\/a><\/h2>\t\t\t\t\t\t<\/header><!-- .entry-header -->\n\t\t\t\t\t\t\t\t\t\t\t<div class=\"wp-show-posts-entry-content\" itemprop=\"text\">\n\t\t\t\t\t\t\t<p>Ab sofort steht unser neuer Katalog auf unserer Website zum Download bereit, mit allen technischen und praktischen Informationen, die man zu unseren Produkten braucht.<\/p>\n\t\t\t\t\t\t<\/div><!-- .entry-content -->\n\t\t\t\t\t<div class=\"wpsp-read-more\"><a title=\"Unser neuer Katalog zum Download\" class=\"wp-show-posts-read-more\" href=\"https:\/\/viva-tec.com\/fr\/blog\/unser-neuer-katalog-zum-download\/\"><i class=\"fa fa-arrow-circle-right\" aria-hidden=\"true\"><!-- icon --><\/i><\/a><\/div><\/div><!-- wp-show-posts-inner --><\/article><article class=\" wp-show-posts-single post-3034 post type-post status-publish format-standard has-post-thumbnail hentry category-front-2 category-news wpsp-col-6\" itemtype=\"http:\/\/schema.org\/CreativeWork\" itemscope><div class=\"wp-show-posts-inner\" style=\"\">\t\t<div class=\"wp-show-posts-image  wpsp-image-center \">\n\t\t\t<a href=\"https:\/\/viva-tec.com\/fr\/blog\/bauma-2019-das-team-von-vivatec-sagt-danke\/\"  title=\"Bauma 2019 &#8211; Das Team von Vivatec sagt Danke!\"><img loading=\"lazy\" decoding=\"async\" width=\"1600\" height=\"872\" src=\"https:\/\/viva-tec.com\/fr\/wp-content\/uploads\/sites\/11\/bauma-e1555447668549.jpg\" class=\"attachment-full size-full wp-post-image\" alt=\"\" itemprop=\"image\" srcset=\"https:\/\/viva-tec.com\/fr\/wp-content\/uploads\/sites\/11\/bauma-e1555447668549.jpg 1600w, https:\/\/viva-tec.com\/fr\/wp-content\/uploads\/sites\/11\/bauma-e1555447668549-300x164.jpg 300w, https:\/\/viva-tec.com\/fr\/wp-content\/uploads\/sites\/11\/bauma-e1555447668549-768x419.jpg 768w, https:\/\/viva-tec.com\/fr\/wp-content\/uploads\/sites\/11\/bauma-e1555447668549-1024x558.jpg 1024w\" sizes=\"auto, (max-width: 1600px) 100vw, 1600px\" \/><\/a>\t\t<\/div>\n\t\t\t\t\t\t\t\t<header class=\"wp-show-posts-entry-header\">\n\t\t\t\t\t\t\t<h2 class=\"wp-show-posts-entry-title\" itemprop=\"headline\"><a href=\"https:\/\/viva-tec.com\/fr\/blog\/bauma-2019-das-team-von-vivatec-sagt-danke\/\" rel=\"bookmark\">Bauma 2019 &#8211; Das Team von Vivatec sagt Danke!<\/a><\/h2>\t\t\t\t\t\t<\/header><!-- .entry-header -->\n\t\t\t\t\t\t\t\t\t\t\t<div class=\"wp-show-posts-entry-content\" itemprop=\"text\">\n\t\t\t\t\t\t\t<p>Die Bauma 2019 ist nach einer vollen Messewoche nun zu Ende gegangen. Die Vivatec Safety GmbH hatte eine sehr intensive und erfolgreiche Zeit auf der Weltleitmesse f\u00fcr unsere Industrie.<\/p>\n\t\t\t\t\t\t<\/div><!-- .entry-content -->\n\t\t\t\t\t<div class=\"wpsp-read-more\"><a title=\"Bauma 2019 &#8211; Das Team von Vivatec sagt Danke!\" class=\"wp-show-posts-read-more\" href=\"https:\/\/viva-tec.com\/fr\/blog\/bauma-2019-das-team-von-vivatec-sagt-danke\/\"><i class=\"fa fa-arrow-circle-right\" aria-hidden=\"true\"><!-- icon --><\/i><\/a><\/div><\/div><!-- wp-show-posts-inner --><\/article><div class=\"wpsp-clear\"><\/div><\/section><!-- .wp-show-posts -->\n<style>.wp-show-posts-columns#wpsp-1636 {margin-left: -2em; }.wp-show-posts-columns#wpsp-1636 .wp-show-posts-inner {margin: 0 0 2em 2em; }<\/style><section id=\"wpsp-1636\" class=\" wp-show-posts-columns wp-show-posts\" style=\"\"><article class=\" wp-show-posts-single post-2106 post type-post status-publish format-standard has-post-thumbnail hentry category-front-3 category-news wpsp-col-4\" itemtype=\"http:\/\/schema.org\/CreativeWork\" itemscope><div class=\"wp-show-posts-inner\" style=\"\">\t\t<div class=\"wp-show-posts-image  wpsp-image-center \">\n\t\t\t<a href=\"https:\/\/viva-tec.com\/fr\/blog\/testverfahren-prototypen\/\"  title=\"Testverfahren &amp; Prototypen\"><img loading=\"lazy\" decoding=\"async\" width=\"1100\" height=\"600\" src=\"https:\/\/viva-tec.com\/fr\/wp-content\/uploads\/sites\/11\/News-Testing-1.jpg\" class=\"attachment-full size-full wp-post-image\" alt=\"\" itemprop=\"image\" srcset=\"https:\/\/viva-tec.com\/fr\/wp-content\/uploads\/sites\/11\/News-Testing-1.jpg 1100w, https:\/\/viva-tec.com\/fr\/wp-content\/uploads\/sites\/11\/News-Testing-1-300x164.jpg 300w, https:\/\/viva-tec.com\/fr\/wp-content\/uploads\/sites\/11\/News-Testing-1-768x419.jpg 768w, https:\/\/viva-tec.com\/fr\/wp-content\/uploads\/sites\/11\/News-Testing-1-1024x559.jpg 1024w\" sizes=\"auto, (max-width: 1100px) 100vw, 1100px\" \/><\/a>\t\t<\/div>\n\t\t\t\t\t\t\t\t<header class=\"wp-show-posts-entry-header\">\n\t\t\t\t\t\t\t<h2 class=\"wp-show-posts-entry-title\" itemprop=\"headline\"><a href=\"https:\/\/viva-tec.com\/fr\/blog\/testverfahren-prototypen\/\" rel=\"bookmark\">Testverfahren &amp; Prototypen<\/a><\/h2>\t\t\t\t\t\t<\/header><!-- .entry-header -->\n\t\t\t\t\t\t\t\t\t\t\t<div class=\"wp-show-posts-entry-summary\" itemprop=\"text\">\n\t\t\t\t\t\t\t<p>VIVATEC\u2122 Test-Center: Eine Qualit\u00e4tsgarantie f\u00fcr unsere Kunden.  Vor der Serien-Produktion werden alle VIVATEC\u2122-Produkte in unserem firmeneigenen Test-Center gepr\u00fcft. Als Entwickler &#8230;<\/p>\n\t\t\t\t\t\t<\/div><!-- .entry-summary -->\n\t\t\t\t\t<div class=\"wpsp-read-more\"><a title=\"Testverfahren &amp; Prototypen\" class=\"wp-show-posts-read-more\" href=\"https:\/\/viva-tec.com\/fr\/blog\/testverfahren-prototypen\/\"><i class=\"fa fa-arrow-circle-right\" aria-hidden=\"true\"><!-- icon --><\/i><\/a><\/div><\/div><!-- wp-show-posts-inner --><\/article><article class=\" wp-show-posts-single post-1643 post type-post status-publish format-standard has-post-thumbnail hentry category-front-3 category-news wpsp-col-4\" itemtype=\"http:\/\/schema.org\/CreativeWork\" itemscope><div class=\"wp-show-posts-inner\" style=\"\">\t\t<div class=\"wp-show-posts-image  wpsp-image-center \">\n\t\t\t<a href=\"https:\/\/viva-tec.com\/fr\/blog\/frontbeitrag-03-2\/\"  title=\"Individuelle Bautreppen\"><img loading=\"lazy\" decoding=\"async\" width=\"1100\" height=\"600\" src=\"https:\/\/viva-tec.com\/fr\/wp-content\/uploads\/sites\/11\/News-Daenemark-Bautreppe.jpg\" class=\"attachment-full size-full wp-post-image\" alt=\"\" itemprop=\"image\" srcset=\"https:\/\/viva-tec.com\/fr\/wp-content\/uploads\/sites\/11\/News-Daenemark-Bautreppe.jpg 1100w, https:\/\/viva-tec.com\/fr\/wp-content\/uploads\/sites\/11\/News-Daenemark-Bautreppe-300x164.jpg 300w, https:\/\/viva-tec.com\/fr\/wp-content\/uploads\/sites\/11\/News-Daenemark-Bautreppe-768x419.jpg 768w, https:\/\/viva-tec.com\/fr\/wp-content\/uploads\/sites\/11\/News-Daenemark-Bautreppe-1024x559.jpg 1024w\" sizes=\"auto, (max-width: 1100px) 100vw, 1100px\" \/><\/a>\t\t<\/div>\n\t\t\t\t\t\t\t\t<header class=\"wp-show-posts-entry-header\">\n\t\t\t\t\t\t\t<h2 class=\"wp-show-posts-entry-title\" itemprop=\"headline\"><a href=\"https:\/\/viva-tec.com\/fr\/blog\/frontbeitrag-03-2\/\" rel=\"bookmark\">Individuelle Bautreppen<\/a><\/h2>\t\t\t\t\t\t<\/header><!-- .entry-header -->\n\t\t\t\t\t\t\t\t\t\t\t<div class=\"wp-show-posts-entry-summary\" itemprop=\"text\">\n\t\t\t\t\t\t\t<p>VIVATEC\u2122 Bautreppen haben einen exzellenten Ruf. Als Produzent ist es f\u00fcr uns kein Problem, f\u00fcr Kunden auch Sondermodelle zu entwickeln und zu produzieren. Bei diesem Auftrag haben wir wunschgem\u00e4\u00df eine Bautreppe &#8230;<\/p>\n\t\t\t\t\t\t<\/div><!-- .entry-summary -->\n\t\t\t\t\t<div class=\"wpsp-read-more\"><a title=\"Individuelle Bautreppen\" class=\"wp-show-posts-read-more\" href=\"https:\/\/viva-tec.com\/fr\/blog\/frontbeitrag-03-2\/\"><i class=\"fa fa-arrow-circle-right\" aria-hidden=\"true\"><!-- icon --><\/i><\/a><\/div><\/div><!-- wp-show-posts-inner --><\/article><article class=\" wp-show-posts-single post-1641 post type-post status-publish format-standard has-post-thumbnail hentry category-front-3 category-news wpsp-col-4\" itemtype=\"http:\/\/schema.org\/CreativeWork\" itemscope><div class=\"wp-show-posts-inner\" style=\"\">\t\t<div class=\"wp-show-posts-image  wpsp-image-center \">\n\t\t\t<a href=\"https:\/\/viva-tec.com\/fr\/blog\/front-stahlgitter\/\"  title=\"Individualisierte Stahlgitter\"><img loading=\"lazy\" decoding=\"async\" width=\"448\" height=\"259\" src=\"https:\/\/viva-tec.com\/fr\/wp-content\/uploads\/sites\/11\/2012611_LVM_Logo-v1.jpg\" class=\"attachment-full size-full wp-post-image\" alt=\"\" itemprop=\"image\" srcset=\"https:\/\/viva-tec.com\/fr\/wp-content\/uploads\/sites\/11\/2012611_LVM_Logo-v1.jpg 448w, https:\/\/viva-tec.com\/fr\/wp-content\/uploads\/sites\/11\/2012611_LVM_Logo-v1-300x173.jpg 300w\" sizes=\"auto, (max-width: 448px) 100vw, 448px\" \/><\/a>\t\t<\/div>\n\t\t\t\t\t\t\t\t<header class=\"wp-show-posts-entry-header\">\n\t\t\t\t\t\t\t<h2 class=\"wp-show-posts-entry-title\" itemprop=\"headline\"><a href=\"https:\/\/viva-tec.com\/fr\/blog\/front-stahlgitter\/\" rel=\"bookmark\">Individualisierte Stahlgitter<\/a><\/h2>\t\t\t\t\t\t<\/header><!-- .entry-header -->\n\t\t\t\t\t\t\t\t\t\t\t<div class=\"wp-show-posts-entry-summary\" itemprop=\"text\">\n\t\t\t\t\t\t\t<p>VIVATEC\u2122 Stahlgitter sind ein optimaler Werbetr\u00e4ger f\u00fcr Ihr Unternehmen! Mit Ihrem Unternehmenslogo und lackiert in Ihrer Hausfarbe erzielen die Stahlgitter eine gro\u00dfe Fernwirkung &#8230;<\/p>\n\t\t\t\t\t\t<\/div><!-- .entry-summary -->\n\t\t\t\t\t<div class=\"wpsp-read-more\"><a title=\"Individualisierte Stahlgitter\" class=\"wp-show-posts-read-more\" href=\"https:\/\/viva-tec.com\/fr\/blog\/front-stahlgitter\/\"><i class=\"fa fa-arrow-circle-right\" aria-hidden=\"true\"><!-- icon --><\/i><\/a><\/div><\/div><!-- wp-show-posts-inner --><\/article><div class=\"wpsp-clear\"><\/div><\/section><!-- .wp-show-posts -->\n<style>.wp-show-posts-columns#wpsp-1714 {margin-left: -2em; }.wp-show-posts-columns#wpsp-1714 .wp-show-posts-inner {margin: 0 0 2em 2em; }<\/style><section id=\"wpsp-1714\" class=\" wp-show-posts-columns wp-show-posts\" style=\"\"><article class=\" wp-show-posts-single post-2086 post type-post status-publish format-standard has-post-thumbnail hentry category-front-4 category-news wpsp-col-3\" itemtype=\"http:\/\/schema.org\/CreativeWork\" itemscope><div class=\"wp-show-posts-inner\" style=\"\">\t\t<div class=\"wp-show-posts-image  wpsp-image-center \">\n\t\t\t<a href=\"https:\/\/viva-tec.com\/fr\/blog\/heinz-dreston\/\"  title=\"Einer von uns\"><img loading=\"lazy\" decoding=\"async\" width=\"1100\" height=\"600\" src=\"https:\/\/viva-tec.com\/fr\/wp-content\/uploads\/sites\/11\/News-Heinz-Dreston-N.jpg\" class=\"attachment-full size-full wp-post-image\" alt=\"\" itemprop=\"image\" srcset=\"https:\/\/viva-tec.com\/fr\/wp-content\/uploads\/sites\/11\/News-Heinz-Dreston-N.jpg 1100w, https:\/\/viva-tec.com\/fr\/wp-content\/uploads\/sites\/11\/News-Heinz-Dreston-N-300x164.jpg 300w, https:\/\/viva-tec.com\/fr\/wp-content\/uploads\/sites\/11\/News-Heinz-Dreston-N-768x419.jpg 768w, https:\/\/viva-tec.com\/fr\/wp-content\/uploads\/sites\/11\/News-Heinz-Dreston-N-1024x559.jpg 1024w\" sizes=\"auto, (max-width: 1100px) 100vw, 1100px\" \/><\/a>\t\t<\/div>\n\t\t\t\t\t\t\t\t<header class=\"wp-show-posts-entry-header\">\n\t\t\t\t\t\t\t<h2 class=\"wp-show-posts-entry-title\" itemprop=\"headline\"><a href=\"https:\/\/viva-tec.com\/fr\/blog\/heinz-dreston\/\" rel=\"bookmark\">Einer von uns<\/a><\/h2>\t\t\t\t\t\t<\/header><!-- .entry-header -->\n\t\t\t\t\t\t\t\t\t\t\t<div class=\"wp-show-posts-entry-summary\" itemprop=\"text\">\n\t\t\t\t\t\t\t<p>Heinz Dreston, Prokurist \/ Betriebsleiter, VIVATEC\u2122 Safety GmbH: \u201eIch habe vier Leidenschaften: Meine Familie, meinen Betrieb, Fu\u00dfball und &#8230; Fu\u00dfball.  &#8230;<\/p>\n\t\t\t\t\t\t<\/div><!-- .entry-summary -->\n\t\t\t\t\t<div class=\"wpsp-read-more\"><a title=\"Einer von uns\" class=\"wp-show-posts-read-more\" href=\"https:\/\/viva-tec.com\/fr\/blog\/heinz-dreston\/\"><i class=\"fa fa-arrow-circle-right\" aria-hidden=\"true\"><!-- icon --><\/i><\/a><\/div><\/div><!-- wp-show-posts-inner --><\/article><article class=\" wp-show-posts-single post-1638 post type-post status-publish format-standard has-post-thumbnail hentry category-front-4 wpsp-col-3\" itemtype=\"http:\/\/schema.org\/CreativeWork\" itemscope><div class=\"wp-show-posts-inner\" style=\"\">\t\t<div class=\"wp-show-posts-image  wpsp-image-center \">\n\t\t\t<a href=\"https:\/\/viva-tec.com\/fr\/blog\/frontbeitrag-01\/\"  title=\"Wir bilden aus\"><img loading=\"lazy\" decoding=\"async\" width=\"1100\" height=\"600\" src=\"https:\/\/viva-tec.com\/fr\/wp-content\/uploads\/sites\/11\/Front-Ausbildungsbetrieb.jpg\" class=\"attachment-full size-full wp-post-image\" alt=\"\" itemprop=\"image\" srcset=\"https:\/\/viva-tec.com\/fr\/wp-content\/uploads\/sites\/11\/Front-Ausbildungsbetrieb.jpg 1100w, https:\/\/viva-tec.com\/fr\/wp-content\/uploads\/sites\/11\/Front-Ausbildungsbetrieb-300x164.jpg 300w, https:\/\/viva-tec.com\/fr\/wp-content\/uploads\/sites\/11\/Front-Ausbildungsbetrieb-768x419.jpg 768w, https:\/\/viva-tec.com\/fr\/wp-content\/uploads\/sites\/11\/Front-Ausbildungsbetrieb-1024x559.jpg 1024w\" sizes=\"auto, (max-width: 1100px) 100vw, 1100px\" \/><\/a>\t\t<\/div>\n\t\t\t\t\t\t\t\t<header class=\"wp-show-posts-entry-header\">\n\t\t\t\t\t\t\t<h2 class=\"wp-show-posts-entry-title\" itemprop=\"headline\"><a href=\"https:\/\/viva-tec.com\/fr\/blog\/frontbeitrag-01\/\" rel=\"bookmark\">Wir bilden aus<\/a><\/h2>\t\t\t\t\t\t<\/header><!-- .entry-header -->\n\t\t\t\t\t\t\t\t\t\t\t<div class=\"wp-show-posts-entry-summary\" itemprop=\"text\">\n\t\t\t\t\t\t\t<p>VIVATEC\u2122 Safety GmbH ist in den letzten Jahren kontinuierlich gewachsen. Wir suchen kreative, innovative, engagierte und flexible Mitarbeiter, die daran interessiert sind, in einem erfolgreichen  &#8230;<\/p>\n\t\t\t\t\t\t<\/div><!-- .entry-summary -->\n\t\t\t\t\t<div class=\"wpsp-read-more\"><a title=\"Wir bilden aus\" class=\"wp-show-posts-read-more\" href=\"https:\/\/viva-tec.com\/fr\/blog\/frontbeitrag-01\/\"><i class=\"fa fa-arrow-circle-right\" aria-hidden=\"true\"><!-- icon --><\/i><\/a><\/div><\/div><!-- wp-show-posts-inner --><\/article><article class=\" wp-show-posts-single post-2904 post type-post status-publish format-standard has-post-thumbnail hentry category-allgemein category-front-4 wpsp-col-3\" itemtype=\"http:\/\/schema.org\/CreativeWork\" itemscope><div class=\"wp-show-posts-inner\" style=\"\">\t\t<div class=\"wp-show-posts-image  wpsp-image-center \">\n\t\t\t<a href=\"https:\/\/viva-tec.com\/fr\/blog\/zehn-nationalitaeten-ein-team\/\"  title=\"Zehn Nationalit\u00e4ten &#8211; Ein Team\"><img loading=\"lazy\" decoding=\"async\" width=\"592\" height=\"327\" src=\"https:\/\/viva-tec.com\/fr\/wp-content\/uploads\/sites\/11\/team-schwarz-1-e1552898679448.jpg\" class=\"attachment-full size-full wp-post-image\" alt=\"\" itemprop=\"image\" srcset=\"https:\/\/viva-tec.com\/fr\/wp-content\/uploads\/sites\/11\/team-schwarz-1-e1552898679448.jpg 592w, https:\/\/viva-tec.com\/fr\/wp-content\/uploads\/sites\/11\/team-schwarz-1-e1552898679448-300x166.jpg 300w\" sizes=\"auto, (max-width: 592px) 100vw, 592px\" \/><\/a>\t\t<\/div>\n\t\t\t\t\t\t\t\t<header class=\"wp-show-posts-entry-header\">\n\t\t\t\t\t\t\t<h2 class=\"wp-show-posts-entry-title\" itemprop=\"headline\"><a href=\"https:\/\/viva-tec.com\/fr\/blog\/zehn-nationalitaeten-ein-team\/\" rel=\"bookmark\">Zehn Nationalit\u00e4ten &#8211; Ein Team<\/a><\/h2>\t\t\t\t\t\t<\/header><!-- .entry-header -->\n\t\t\t\t\t\t\t\t\t\t\t<div class=\"wp-show-posts-entry-content\" itemprop=\"text\">\n\t\t\t\t\t\t\t<p>Bei uns am Standort Iserlohn haben wir Kolleginnen und Kollegen aus rund zehn Nationen, alle in dem Ziel vereint die VIVATEC Safety GmbH jeden Tag ein St\u00fcck <\/p>\n\t\t\t\t\t\t<\/div><!-- .entry-content -->\n\t\t\t\t\t<div class=\"wpsp-read-more\"><a title=\"Zehn Nationalit\u00e4ten &#8211; Ein Team\" class=\"wp-show-posts-read-more\" href=\"https:\/\/viva-tec.com\/fr\/blog\/zehn-nationalitaeten-ein-team\/\"><i class=\"fa fa-arrow-circle-right\" aria-hidden=\"true\"><!-- icon --><\/i><\/a><\/div><\/div><!-- wp-show-posts-inner --><\/article><article class=\" wp-show-posts-single post-2954 post type-post status-publish format-standard has-post-thumbnail hentry category-front-4 category-news wpsp-col-3\" itemtype=\"http:\/\/schema.org\/CreativeWork\" itemscope><div class=\"wp-show-posts-inner\" style=\"\">\t\t<div class=\"wp-show-posts-image  wpsp-image-center \">\n\t\t\t<a href=\"https:\/\/viva-tec.com\/fr\/blog\/interview-mit-volker-klehr-leiter-produktentwicklung\/\"  title=\"Interview mit Volker Klehr, Leiter Produktentwicklung\"><img loading=\"lazy\" decoding=\"async\" width=\"1024\" height=\"563\" src=\"https:\/\/viva-tec.com\/fr\/wp-content\/uploads\/sites\/11\/Volker-Entwicklung-Interview-Bild-1-e1553101450625.jpg\" class=\"attachment-full size-full wp-post-image\" alt=\"\" itemprop=\"image\" srcset=\"https:\/\/viva-tec.com\/fr\/wp-content\/uploads\/sites\/11\/Volker-Entwicklung-Interview-Bild-1-e1553101450625.jpg 1024w, https:\/\/viva-tec.com\/fr\/wp-content\/uploads\/sites\/11\/Volker-Entwicklung-Interview-Bild-1-e1553101450625-300x165.jpg 300w, https:\/\/viva-tec.com\/fr\/wp-content\/uploads\/sites\/11\/Volker-Entwicklung-Interview-Bild-1-e1553101450625-768x422.jpg 768w\" sizes=\"auto, (max-width: 1024px) 100vw, 1024px\" \/><\/a>\t\t<\/div>\n\t\t\t\t\t\t\t\t<header class=\"wp-show-posts-entry-header\">\n\t\t\t\t\t\t\t<h2 class=\"wp-show-posts-entry-title\" itemprop=\"headline\"><a href=\"https:\/\/viva-tec.com\/fr\/blog\/interview-mit-volker-klehr-leiter-produktentwicklung\/\" rel=\"bookmark\">Interview mit Volker Klehr, Leiter Produktentwicklung<\/a><\/h2>\t\t\t\t\t\t<\/header><!-- .entry-header -->\n\t\t\t\t\t\t\t\t\t\t\t<div class=\"wp-show-posts-entry-content\" itemprop=\"text\">\n\t\t\t\t\t\t\t<p>Welche Aufgabenbereiche hat die Konstruktionsabteilung bei Vivatec?<\/p>\n<p>Wir haben verschiedene Bereiche, in denen wir t\u00e4tig sind. Im<\/p>\n\t\t\t\t\t\t<\/div><!-- .entry-content -->\n\t\t\t\t\t<div class=\"wpsp-read-more\"><a title=\"Interview mit Volker Klehr, Leiter Produktentwicklung\" class=\"wp-show-posts-read-more\" href=\"https:\/\/viva-tec.com\/fr\/blog\/interview-mit-volker-klehr-leiter-produktentwicklung\/\"><i class=\"fa fa-arrow-circle-right\" aria-hidden=\"true\"><!-- icon --><\/i><\/a><\/div><\/div><!-- wp-show-posts-inner --><\/article><div class=\"wpsp-clear\"><\/div><\/section><!-- .wp-show-posts -->\n<p><!-- [wp_show_posts id=\"1714\"] --><\/p>\n<p><!--[lgc_column grid=\"33\" tablet_grid=\"33\" mobile_grid=\"50\" last=\"false\"]\n\n[WD_FB id=\"1\"]\n\n[\/lgc_column]\n\n[lgc_column grid=\"33\" tablet_grid=\"33\" mobile_grid=\"50\" last=\"false\"]\n\n[\/lgc_column]\n\n[lgc_column grid=\"33\" tablet_grid=\"33\" mobile_grid=\"50\" last=\"false\"]\n\n[\/lgc_column]--><\/p>\n","protected":false},"excerpt":{"rendered":"","protected":false},"author":1,"featured_media":0,"parent":0,"menu_order":0,"comment_status":"closed","ping_status":"closed","template":"","meta":{"_acf_changed":false,"footnotes":""},"class_list":["post-2173","page","type-page","status-publish","hentry","infinite-scroll-item","generate-columns","tablet-grid-50","mobile-grid-100","grid-parent","grid-25","no-featured-image-padding","resize-featured-image"],"acf":[],"_links":{"self":[{"href":"https:\/\/viva-tec.com\/fr\/wp-json\/wp\/v2\/pages\/2173","targetHints":{"allow":["GET"]}}],"collection":[{"href":"https:\/\/viva-tec.com\/fr\/wp-json\/wp\/v2\/pages"}],"about":[{"href":"https:\/\/viva-tec.com\/fr\/wp-json\/wp\/v2\/types\/page"}],"author":[{"embeddable":true,"href":"https:\/\/viva-tec.com\/fr\/wp-json\/wp\/v2\/users\/1"}],"replies":[{"embeddable":true,"href":"https:\/\/viva-tec.com\/fr\/wp-json\/wp\/v2\/comments?post=2173"}],"version-history":[{"count":22,"href":"https:\/\/viva-tec.com\/fr\/wp-json\/wp\/v2\/pages\/2173\/revisions"}],"predecessor-version":[{"id":2706,"href":"https:\/\/viva-tec.com\/fr\/wp-json\/wp\/v2\/pages\/2173\/revisions\/2706"}],"wp:attachment":[{"href":"https:\/\/viva-tec.com\/fr\/wp-json\/wp\/v2\/media?parent=2173"}],"curies":[{"name":"wp","href":"https:\/\/api.w.org\/{rel}","templated":true}]}}